{"id":84,"date":"2026-05-12T08:38:53","date_gmt":"2026-05-12T14:38:53","guid":{"rendered":"https:\/\/vasquez-a.com\/?page_id=84"},"modified":"2026-05-12T08:38:58","modified_gmt":"2026-05-12T14:38:58","slug":"tipos-de-websites","status":"publish","type":"page","link":"https:\/\/vasquez-a.com\/","title":{"rendered":"Tipos de Websites"},"content":{"rendered":"\n<p>Los Websites que visitamos en Internet se puede clasificar de acuerdo al contenido que presentan, si es un contenido fijo se les conoce como Est\u00e1ticos; si el contenido cambia de acuerdo a la interacci\u00f3n del usuario, se les llama dinamico. Los Websites din\u00e1micos guardan el contenido en una base de datos y de ahi lo muestran al usuario.<\/p>\n\n\n\n<ul class=\"wp-block-list\">\n<li>Estatico<\/li>\n\n\n\n<li>Dinamico<\/li>\n<\/ul>\n\n\n\n<p>La clasificaci\u00f3n de Websites actualmente puede incluir una clasificaci\u00f3n en otra, por ejemplo un Blog tiene como prop\u00f3sito opiniones personales, pero tambi\u00e9n puede vender art\u00edculos como un Website eCommerce, algunas clasificaciones de acuerdo al prop\u00f3sito.<\/p>\n\n\n\n<ul class=\"wp-block-list\">\n<li>Empresarial\/Corporativo: sirven para mostrar la presencia Web de una empresa y generar confianza al ofrecer informaci\u00f3n como los valores u objetivos de la empresa.<\/li>\n\n\n\n<li>Blogs: sirven para publicar opiniones personales y permitir la conversaci\u00f3n a trav\u00e9s de comentarios.<\/li>\n\n\n\n<li>e-Commerce: Websites dedicados a transacciones comerciales, se venden productos y se tiene un carrito comercial muy al estilo de una tienda departamental.<\/li>\n\n\n\n<li>Portafolio: son Websites creados para mostrar el trabajo. profesional. de un escritor, un pintor o cualquier profesionista que muestre su trabajo para obtener clientes.<\/li>\n\n\n\n<li>Landing Page: Websites dise\u00f1ados para que el usuario realice una acci\u00f3n como suscribirse a un Newletter o aceptar t\u00e9rminos y condiciones para continuar.<\/li>\n\n\n\n<li>Foros o Comunidades: los usuarios pueden publicar contenido para interactuar, por ejemplo actividades de afecten o beneficien a una comunidad.<\/li>\n<\/ul>\n\n\n\n<p>De acuerdo a su acceso pueden ser P\u00fablicos, Privados o Intranets. Los publico son los mas comunes a los cuales accesan todos los usuarios en Internet. Los Websites privados por lo general solo los empleados de una empresa o personal autorizado puede accesar. La Intranet es una red solo accesible para los empleados de una empresa accesible solo en las instalaciones de la empresa.<\/p>\n\n\n\n<p>Una clasificaci\u00f3n especial son los Websites colaborativos como Wikipedia, los usuarios pueden crear y editar temas.<\/p>\n\n\n\n<p>Existen ademas Websites comerciales que ofrecen la modalidad SaaS como por ejemplo una suscripci\u00f3n a servicios de dise\u00f1o como Canva.<\/p>\n","protected":false},"excerpt":{"rendered":"<p>Los Websites que visitamos en Internet se puede clasificar de acuerdo al contenido que presentan, si es un contenido fijo se les conoce como Est\u00e1ticos; si el contenido cambia de acuerdo a la interacci\u00f3n del usuario, se les llama dinamico. Los Websites din\u00e1micos guardan el contenido en una base de datos y de ahi lo &#8230; <a title=\"Tipos de Websites\" class=\"read-more\" href=\"https:\/\/vasquez-a.com\/\" aria-label=\"Leer m\u00e1s sobre Tipos de Websites\">Leer m\u00e1s<\/a><\/p>\n","protected":false},"author":1,"featured_media":0,"parent":0,"menu_order":0,"comment_status":"closed","ping_status":"closed","template":"","meta":{"footnotes":""},"class_list":["post-84","page","type-page","status-publish"],"_links":{"self":[{"href":"https:\/\/vasquez-a.com\/index.php?rest_route=\/wp\/v2\/pages\/84","targetHints":{"allow":["GET"]}}],"collection":[{"href":"https:\/\/vasquez-a.com\/index.php?rest_route=\/wp\/v2\/pages"}],"about":[{"href":"https:\/\/vasquez-a.com\/index.php?rest_route=\/wp\/v2\/types\/page"}],"author":[{"embeddable":true,"href":"https:\/\/vasquez-a.com\/index.php?rest_route=\/wp\/v2\/users\/1"}],"replies":[{"embeddable":true,"href":"https:\/\/vasquez-a.com\/index.php?rest_route=%2Fwp%2Fv2%2Fcomments&post=84"}],"version-history":[{"count":1,"href":"https:\/\/vasquez-a.com\/index.php?rest_route=\/wp\/v2\/pages\/84\/revisions"}],"predecessor-version":[{"id":85,"href":"https:\/\/vasquez-a.com\/index.php?rest_route=\/wp\/v2\/pages\/84\/revisions\/85"}],"wp:attachment":[{"href":"https:\/\/vasquez-a.com\/index.php?rest_route=%2Fwp%2Fv2%2Fmedia&parent=84"}],"curies":[{"name":"wp","href":"https:\/\/api.w.org\/{rel}","templated":true}]}}